{"id":328,"date":"2022-07-12T23:19:14","date_gmt":"2022-07-12T23:19:14","guid":{"rendered":"https:\/\/elcroquetero.com\/2.0\/?post_type=product&#038;p=328"},"modified":"2022-09-21T00:44:50","modified_gmt":"2022-09-21T00:44:50","slug":"beriscan-pro-adulto-razas-pequenas-4kg","status":"publish","type":"product","link":"https:\/\/elcroquetero.com\/2.0\/producto\/beriscan-pro-adulto-razas-pequenas-4kg\/","title":{"rendered":"Beriscan Pro Adulto Razas Peque\u00f1as 4KG"},"content":{"rendered":"<p class=\"font_8\">En <strong>Beriscan Pro<\/strong> creemos que cada perro es \u00fanico.<\/p>\n<p class=\"font_8\">As\u00ed que desarrollamos una receta balanceada espec\u00edficamente dise\u00f1ada para tu perro de raza peque\u00f1a, que ayudr\u00e1 a mejorar su calidad de vida desde adentro hacia afuera de forma visible.<\/p>\n<p class=\"font_8\">Todos estos beneficios, deben presentarse en peque\u00f1as particulas para que sean f\u00e1ciles de digerir.<\/p>\n<p class=\"font_8\">Nuestros esfuerzos se ven reflejados en garantizar el uso de vitaminas de alta calidad en las cantidades y proporciones correctas, siendo certificados con el distintivo OVN (optimum vitamin nutrition)<\/p>\n<p>\u00a0<img loading=\"lazy\" decoding=\"async\" class=\"alignnone wp-image-329 size-full\" src=\"https:\/\/elcroquetero.com\/2.0\/wp-content\/uploads\/2022\/07\/Tasa-24.png\" alt=\"\" width=\"524\" height=\"311\" srcset=\"https:\/\/elcroquetero.com\/2.0\/wp-content\/uploads\/2022\/07\/Tasa-24.png 524w, https:\/\/elcroquetero.com\/2.0\/wp-content\/uploads\/2022\/07\/Tasa-24-300x178.png 300w\" sizes=\"auto, (max-width: 524px) 100vw, 524px\" \/><\/p>\n<div id=\"comp-kbjmpecj\" class=\"_1Q9if _3bcaz\" data-testid=\"richTextElement\">\n<h1 class=\"font_0\"><span class=\"color_11\">INGREDIENTES<\/span><\/h1>\n<\/div>\n<div id=\"comp-kbl2mlka\" class=\"_1Q9if _3bcaz\" data-testid=\"richTextElement\">Ma\u00edz, Harina de carne y hueso de res, Salvadillo, Pulidura de arroz, Gluten de ma\u00edz, Harina de pollo (v\u00edsceras y carne), Grasa de cerdo y\/o pollo y\/o res, Sabor natural de pollo y\/o cerdo, Extracto de Yucca Schidigera, Secuestrante de micotoxinas (aluminosilicatos, tierras diatomeas, extracto de algas), Cloruro de Colina, Cloruro de Potasio, Suplemento de vitamina E y vitamina C como antioxidantes, Suplemento de vitamina A, \u00c1cido F\u00f3lico, \u00c1cido Pantot\u00e9nico, Biotina, Nicotamida, Mononitrato de Tiamina, (vitamina B1), Suplemento de Riboflavina (vitamina B2), Suplemento de Piridoxina (vitamina B6), Suplemento de Cianocobalamina (vitamina B12), Suplemento de vitamina D3 y vitamina K3, Zinc Org\u00e1nico, Calcio, Sulfato de Cobre, Sulfato de Manganeso, Selenito de Sodio, Sulfato de Zinc, Sulfato Ferroso, Yoduro de Potasio, Sal, Colorantes: rojo # 40, rojo #6, amarillo #5, azul #2, amarillo #6, Fungicida (propionato de calcio), Antioxidantes (BHA\/BHT).<\/div>\n<div id=\"comp-kbl27z3d\" class=\"\">\n<div class=\"_3bLYT _2OIRR\" data-testid=\"svgRoot-comp-kbl27z3d\"><\/div>\n<\/div>\n<div id=\"comp-kbl27z3o1\" class=\"_1Q9if _3bcaz\" data-testid=\"richTextElement\"><\/div>\n","protected":false},"excerpt":{"rendered":"<p>En Beriscan Pro creemos que cada perro es \u00fanico. As\u00ed que desarrollamos una receta balanceada espec\u00edficamente dise\u00f1ada para tu perro&hellip;<\/p>\n","protected":false},"featured_media":348,"template":"","meta":[],"product_cat":[81,86],"product_tag":[],"class_list":["post-328","product","type-product","status-publish","has-post-thumbnail","hentry","product_cat-perros","product_cat-razas-pequenas"],"_links":{"self":[{"href":"https:\/\/elcroquetero.com\/2.0\/wp-json\/wp\/v3\/product\/328","targetHints":{"allow":["GET"]}}],"collection":[{"href":"https:\/\/elcroquetero.com\/2.0\/wp-json\/wp\/v3\/product"}],"about":[{"href":"https:\/\/elcroquetero.com\/2.0\/wp-json\/wp\/v2\/types\/product"}],"wp:featuredmedia":[{"embeddable":true,"href":"https:\/\/elcroquetero.com\/2.0\/wp-json\/wp\/v2\/media\/348"}],"wp:attachment":[{"href":"https:\/\/elcroquetero.com\/2.0\/wp-json\/wp\/v2\/media?parent=328"}],"wp:term":[{"taxonomy":"product_cat","embeddable":true,"href":"https:\/\/elcroquetero.com\/2.0\/wp-json\/wp\/v2\/product_cat?post=328"},{"taxonomy":"product_tag","embeddable":true,"href":"https:\/\/elcroquetero.com\/2.0\/wp-json\/wp\/v2\/product_tag?post=328"}],"curies":[{"name":"wp","href":"https:\/\/api.w.org\/{rel}","templated":true}]}}