{"id":322,"date":"2022-07-13T00:26:43","date_gmt":"2022-07-13T00:26:43","guid":{"rendered":"https:\/\/elcroquetero.com\/2.0\/?post_type=product&#038;p=322"},"modified":"2022-09-21T00:42:10","modified_gmt":"2022-09-21T00:42:10","slug":"grand-pet-noble-raza-pequena-4kg","status":"publish","type":"product","link":"https:\/\/elcroquetero.com\/2.0\/producto\/grand-pet-noble-raza-pequena-4kg\/","title":{"rendered":"Grand Pet Noble Raza Peque\u00f1a 4KG"},"content":{"rendered":"<h4><strong>Receta Pavo, Pescado y Salm\u00f3n<\/strong><\/h4>\n<h6><em>Alimento Seco para Adulto Raza Peque\u00f1a<\/em><\/h6>\n<ul>\n<li class=\"p1\">Prote\u00ednas de origen animal de alta digestibilidad.<\/li>\n<li class=\"p1\">Fuentes de omegas 3 y 6 para una piel sana y pelo brillante.<\/li>\n<li class=\"p1\">Delicioso sabor para el paladar exigente de tu mascota.<\/li>\n<li class=\"p1\">Prebi\u00f3ticos que promueven la salud intestinal.<\/li>\n<li class=\"p1\">Fibras naturales que ayudan a prevenir c\u00e1ncer de colon.<br \/>\n<h4><img loading=\"lazy\" decoding=\"async\" class=\"alignnone wp-image-324 \" src=\"https:\/\/elcroquetero.com\/2.0\/wp-content\/uploads\/2022\/07\/7501856502258_2.png\" alt=\"\" width=\"527\" height=\"527\" srcset=\"https:\/\/elcroquetero.com\/2.0\/wp-content\/uploads\/2022\/07\/7501856502258_2.png 600w, https:\/\/elcroquetero.com\/2.0\/wp-content\/uploads\/2022\/07\/7501856502258_2-300x300.png 300w, https:\/\/elcroquetero.com\/2.0\/wp-content\/uploads\/2022\/07\/7501856502258_2-100x100.png 100w, https:\/\/elcroquetero.com\/2.0\/wp-content\/uploads\/2022\/07\/7501856502258_2-150x150.png 150w\" sizes=\"auto, (max-width: 527px) 100vw, 527px\" \/><\/h4>\n<\/li>\n<\/ul>\n<div class=\"row-double-space rte clearfix reading-width\">\n<h3 class=\"p1\"><span style=\"color: #000000;\"><em><span class=\"s1\">Ingredientes:\u00a0<\/span><\/em><\/span><\/h3>\n<p><em><b><\/b><span style=\"color: #000000;\">Harina de pavo, harina de arroz, pavo, harina de salm\u00f3n, grasa de cerdo (conservada con tocoferoles), tilapia, harina de pescado, hidrolizado de cerdo,\u00a0pulpa de remolacha, plasma porcino, alga marina\u00a0<span class=\"s1\"><i>Phaeophyta,<\/i><\/span>\u00a0cultivo de levaduras\u00a0<span class=\"s1\"><i>Saccharomyces Cerevisiae<\/i><\/span>, sal, aluminosilicato de sodio, \u00e1cido c\u00edtrico, inulina de agave, extracto de Yucca schidigera, L-lisina, DL-metionina, producto seco de fermentaci\u00f3n\u00a0<span class=\"s1\"><i>bacillus amyloliquefaciens,<\/i><\/span> carbonato de cobalto, carbonato ferroso, fosfato c\u00e1lcico, sulfato de cobre, selenito de sodio, \u00f3xido de magnesio, \u00f3xido de zinc, \u00f3xido de manganeso, alfa tocoferol acetato (vitamina E), niacina, vitamina A palmitato, suplemento de vitamina D3, suplemento de tiamina mononitrato, riboflavina, clorhidrato de piridoxina, suplemento de vitamina B12, suplemento de pantotenato de calcio, \u00e1cido f\u00f3lico, complejo manganeso-glicina, complejo cobre-glicina, complejo hierro-glicina, complejo zinc-glicina, rojo 40.<\/span><\/em><\/p>\n<\/div>\n","protected":false},"excerpt":{"rendered":"<p>Receta Pavo, Pescado y Salm\u00f3n Alimento Seco para Adulto Raza Peque\u00f1a Prote\u00ednas de origen animal de alta digestibilidad. Fuentes de&hellip;<\/p>\n","protected":false},"featured_media":323,"template":"","meta":[],"product_cat":[81,86],"product_tag":[],"class_list":["post-322","product","type-product","status-publish","has-post-thumbnail","hentry","product_cat-perros","product_cat-razas-pequenas"],"_links":{"self":[{"href":"https:\/\/elcroquetero.com\/2.0\/wp-json\/wp\/v3\/product\/322","targetHints":{"allow":["GET"]}}],"collection":[{"href":"https:\/\/elcroquetero.com\/2.0\/wp-json\/wp\/v3\/product"}],"about":[{"href":"https:\/\/elcroquetero.com\/2.0\/wp-json\/wp\/v2\/types\/product"}],"wp:featuredmedia":[{"embeddable":true,"href":"https:\/\/elcroquetero.com\/2.0\/wp-json\/wp\/v2\/media\/323"}],"wp:attachment":[{"href":"https:\/\/elcroquetero.com\/2.0\/wp-json\/wp\/v2\/media?parent=322"}],"wp:term":[{"taxonomy":"product_cat","embeddable":true,"href":"https:\/\/elcroquetero.com\/2.0\/wp-json\/wp\/v2\/product_cat?post=322"},{"taxonomy":"product_tag","embeddable":true,"href":"https:\/\/elcroquetero.com\/2.0\/wp-json\/wp\/v2\/product_tag?post=322"}],"curies":[{"name":"wp","href":"https:\/\/api.w.org\/{rel}","templated":true}]}}