{"id":265,"date":"2022-07-12T17:30:34","date_gmt":"2022-07-12T17:30:34","guid":{"rendered":"https:\/\/elcroquetero.com\/2.0\/?post_type=product&#038;p=265"},"modified":"2022-09-21T01:57:03","modified_gmt":"2022-09-21T01:57:03","slug":"minino-15kg","status":"publish","type":"product","link":"https:\/\/elcroquetero.com\/2.0\/producto\/minino-15kg\/","title":{"rendered":"Minino 15KG"},"content":{"rendered":"<p>La selecci\u00f3n de un alimento adecuado para tu mascota es muy importante para garantizar su crecimiento, desarrollo y salud. Con esta opci\u00f3n de Minino podr\u00e1s cubrir las necesidades nutricionales y energ\u00e9ticas de tu gato.<\/p>\n<p>Tu mascota siempre saludable<br \/>\nUna alimentaci\u00f3n balanceada es esencial para que tu fiel compa\u00f1ero se mantenga sano y fuerte. La dieta de tu gato se refleja en su pelaje, por eso es de vital importancia que contenga todos los nutrientes necesarios para su crecimiento. Asegura la energ\u00eda y vitalidad de tu amigo para que pueda correr, saltar y jugar todo el d\u00eda.<\/p>\n<p>Beneficios del alimento seco<br \/>\nLa mayor ventaja de la comida seca para mascotas es que se puede almacenar por mucho m\u00e1s tiempo sin que se deteriore, y evita la aparici\u00f3n de hongos o bacterias. Adem\u00e1s, este tipo de alimento ayuda a eliminar el sarro y a retrasar la formaci\u00f3n de la placa dental con el proceso de masticaci\u00f3n y trituraci\u00f3n.<\/p>\n<p><img loading=\"lazy\" decoding=\"async\" class=\"alignnone wp-image-267 \" src=\"https:\/\/elcroquetero.com\/2.0\/wp-content\/uploads\/2022\/07\/71jh-GVNKVS._AC_SL1500_-1024x1024.jpg\" alt=\"\" width=\"577\" height=\"577\" srcset=\"https:\/\/elcroquetero.com\/2.0\/wp-content\/uploads\/2022\/07\/71jh-GVNKVS._AC_SL1500_-1024x1024.jpg 1024w, https:\/\/elcroquetero.com\/2.0\/wp-content\/uploads\/2022\/07\/71jh-GVNKVS._AC_SL1500_-300x300.jpg 300w, https:\/\/elcroquetero.com\/2.0\/wp-content\/uploads\/2022\/07\/71jh-GVNKVS._AC_SL1500_-100x100.jpg 100w, https:\/\/elcroquetero.com\/2.0\/wp-content\/uploads\/2022\/07\/71jh-GVNKVS._AC_SL1500_-150x150.jpg 150w, https:\/\/elcroquetero.com\/2.0\/wp-content\/uploads\/2022\/07\/71jh-GVNKVS._AC_SL1500_-768x768.jpg 768w, https:\/\/elcroquetero.com\/2.0\/wp-content\/uploads\/2022\/07\/71jh-GVNKVS._AC_SL1500_-600x600.jpg 600w, https:\/\/elcroquetero.com\/2.0\/wp-content\/uploads\/2022\/07\/71jh-GVNKVS._AC_SL1500_.jpg 1500w\" sizes=\"auto, (max-width: 577px) 100vw, 577px\" \/><\/p>\n<p>Prote\u00edna para una nutrici\u00f3n completa<br \/>\nAlimento rico en prote\u00edna animal de alto valor biol\u00f3gico, contiene minerales como calcio f\u00f3sforo, potasio y hierro, vitaminas A, D y E, fibras y \u00e1cidos grasos esenciales. Estos nutrientes favorecen el fortalecimiento del sistema inmunol\u00f3gico de tu mascota y el correcto funcionamiento de sus sistemas vitales. Adem\u00e1s, contribuyen a la salud de su pelo, piel y u\u00f1as y al mantenimiento de sus tendones, m\u00fasculos y huesos.<\/p>\n","protected":false},"excerpt":{"rendered":"<p>La selecci\u00f3n de un alimento adecuado para tu mascota es muy importante para garantizar su crecimiento, desarrollo y salud. Con&hellip;<\/p>\n","protected":false},"featured_media":266,"template":"","meta":[],"product_cat":[80,87],"product_tag":[],"class_list":["post-265","product","type-product","status-publish","has-post-thumbnail","hentry","product_cat-gatos","product_cat-adulto-gatos"],"_links":{"self":[{"href":"https:\/\/elcroquetero.com\/2.0\/wp-json\/wp\/v3\/product\/265","targetHints":{"allow":["GET"]}}],"collection":[{"href":"https:\/\/elcroquetero.com\/2.0\/wp-json\/wp\/v3\/product"}],"about":[{"href":"https:\/\/elcroquetero.com\/2.0\/wp-json\/wp\/v2\/types\/product"}],"wp:featuredmedia":[{"embeddable":true,"href":"https:\/\/elcroquetero.com\/2.0\/wp-json\/wp\/v2\/media\/266"}],"wp:attachment":[{"href":"https:\/\/elcroquetero.com\/2.0\/wp-json\/wp\/v2\/media?parent=265"}],"wp:term":[{"taxonomy":"product_cat","embeddable":true,"href":"https:\/\/elcroquetero.com\/2.0\/wp-json\/wp\/v2\/product_cat?post=265"},{"taxonomy":"product_tag","embeddable":true,"href":"https:\/\/elcroquetero.com\/2.0\/wp-json\/wp\/v2\/product_tag?post=265"}],"curies":[{"name":"wp","href":"https:\/\/api.w.org\/{rel}","templated":true}]}}