{"id":248,"date":"2022-07-13T01:05:44","date_gmt":"2022-07-13T01:05:44","guid":{"rendered":"https:\/\/elcroquetero.com\/2.0\/?post_type=product&#038;p=248"},"modified":"2022-09-21T01:40:48","modified_gmt":"2022-09-21T01:40:48","slug":"nupec-adulto-20kg","status":"publish","type":"product","link":"https:\/\/elcroquetero.com\/2.0\/producto\/nupec-adulto-20kg\/","title":{"rendered":"NUPEC Adulto 20KG"},"content":{"rendered":"<p>En <strong>NUPEC<\/strong> estamos conscientes de que un canino en etapa adulta necesita un aporte de nutrientes \u00f3ptimo para conservar su masa muscular, vitalidad y un pelaje sano. Por ello dise\u00f1amos un alimento con la selecci\u00f3n de vitaminas, minerales y aporte de prote\u00edna adecuados para reforzar su sistema inmune y, asegurar una condici\u00f3n f\u00edsica fuerte y saludable.<label class=\"mr\"><img loading=\"lazy\" decoding=\"async\" class=\"alignnone wp-image-250 size-full\" style=\"font-size: 16px; font-weight: 400;\" src=\"https:\/\/elcroquetero.com\/2.0\/wp-content\/uploads\/2022\/07\/Tasa-16.png\" alt=\"\" width=\"963\" height=\"353\" srcset=\"https:\/\/elcroquetero.com\/2.0\/wp-content\/uploads\/2022\/07\/Tasa-16.png 963w, https:\/\/elcroquetero.com\/2.0\/wp-content\/uploads\/2022\/07\/Tasa-16-300x110.png 300w, https:\/\/elcroquetero.com\/2.0\/wp-content\/uploads\/2022\/07\/Tasa-16-768x282.png 768w, https:\/\/elcroquetero.com\/2.0\/wp-content\/uploads\/2022\/07\/Tasa-16-600x220.png 600w\" sizes=\"auto, (max-width: 963px) 100vw, 963px\" \/><br \/>\n<\/label><\/p>\n<h3 class=\"mb-4 text-color-custom\"><strong>INGREDIENTES DE ALTA CALIDAD<\/strong><\/h3>\n<p>Harina de carne de res, arroz, ma\u00edz, carne de pollo, concentrado de prote\u00edna vegetal, grasa de pollo, harina de carne de pollo, pulpa de remolacha, semilla de linaza, harina de pescado, sabor natural de pollo, f\u00f3sforo, calcio, sodio, extracto de ra\u00edz de achicoria, cloruro de colina, levadura hidrolizada (<i>Saccharomyces cerevisiae activa<\/i> 10&#215;10<span style=\"font-size: 14px;\">10<\/span>), acetato de retinol (fuente de vitamina A), colecalciferol (fuente de vitamina D), acetato de DL- alpha tocoferol (fuente de vitamina E), menadiona nicotinamida bisulfato (fuente de vitamina K), \u00e1cido asc\u00f3rbico (fuente de vitamina C), mononitrato de tiamina (fuente de vitamina B1), riboflavina (fuente de vitamina B2), \u00e1cido nicot\u00ednico (fuente de vitamina B3), clorhidrato de piridoxina (fuente de vitamina B6), cianocobalamina (fuente de vitamina B12), D-biotina (fuente de vitamina H), D-pantotenato de calcio (fuente de vitamina B5), \u00e1cido f\u00f3lico, hierro org\u00e1nico, manganeso org\u00e1nico, selenio org\u00e1nico, cobre org\u00e1nico, zinc org\u00e1nico, EDDI, extracto de\u00a0<i style=\"font-weight: 600;\">Yucca schidigera<\/i>, mezcla de romero y tocoferoles como conservadores.<\/p>\n","protected":false},"excerpt":{"rendered":"<p>En NUPEC estamos conscientes de que un canino en etapa adulta necesita un aporte de nutrientes \u00f3ptimo para conservar su&hellip;<\/p>\n","protected":false},"featured_media":354,"template":"","meta":[],"product_cat":[81,83],"product_tag":[],"class_list":["post-248","product","type-product","status-publish","has-post-thumbnail","hentry","product_cat-perros","product_cat-adulto"],"_links":{"self":[{"href":"https:\/\/elcroquetero.com\/2.0\/wp-json\/wp\/v3\/product\/248","targetHints":{"allow":["GET"]}}],"collection":[{"href":"https:\/\/elcroquetero.com\/2.0\/wp-json\/wp\/v3\/product"}],"about":[{"href":"https:\/\/elcroquetero.com\/2.0\/wp-json\/wp\/v2\/types\/product"}],"wp:featuredmedia":[{"embeddable":true,"href":"https:\/\/elcroquetero.com\/2.0\/wp-json\/wp\/v2\/media\/354"}],"wp:attachment":[{"href":"https:\/\/elcroquetero.com\/2.0\/wp-json\/wp\/v2\/media?parent=248"}],"wp:term":[{"taxonomy":"product_cat","embeddable":true,"href":"https:\/\/elcroquetero.com\/2.0\/wp-json\/wp\/v2\/product_cat?post=248"},{"taxonomy":"product_tag","embeddable":true,"href":"https:\/\/elcroquetero.com\/2.0\/wp-json\/wp\/v2\/product_tag?post=248"}],"curies":[{"name":"wp","href":"https:\/\/api.w.org\/{rel}","templated":true}]}}