{"id":242,"date":"2022-07-13T01:08:38","date_gmt":"2022-07-13T01:08:38","guid":{"rendered":"https:\/\/elcroquetero.com\/2.0\/?post_type=product&#038;p=242"},"modified":"2022-09-21T01:39:48","modified_gmt":"2022-09-21T01:39:48","slug":"pedigree-adulto-25kg","status":"publish","type":"product","link":"https:\/\/elcroquetero.com\/2.0\/producto\/pedigree-adulto-25kg\/","title":{"rendered":"Pedigree Adulto 25KG"},"content":{"rendered":"<ul class=\"a-unordered-list a-vertical a-spacing-mini\">\n<li><span class=\"a-list-item\">Alimento 100% completo y balanceado para perros adultos de todas la razas \u00a1Pedigree Croquetas para perro ideal para tu mascota!<\/span><\/li>\n<li><span class=\"a-list-item\">Digesti\u00f3n optima para tu perro, gracias a sus granos selectos y prote\u00edna de alta calidad.<\/span><\/li>\n<li><span class=\"a-list-item\">Ayuda al sistema inmunol\u00f3gico (Nutri defense), gracias a la vitamina E y Selenio que fortalecen la salud de tu perro.<\/span><\/li>\n<li><span class=\"a-list-item\">Con Antioxidantes y Fibra natural que refuerzan su sistema inmune y evita el da\u00f1o celular.<\/span><\/li>\n<li><span class=\"a-list-item\">Con DHA, prebi\u00f3ticos que ayudan al desarrollo del sistema nervioso de tu mascota.<\/span><\/li>\n<\/ul>\n<p><img loading=\"lazy\" decoding=\"async\" class=\"alignnone wp-image-244 size-full\" src=\"https:\/\/elcroquetero.com\/2.0\/wp-content\/uploads\/2022\/07\/71392u0GpL._AC_SL1000_-e1657645014257.jpg\" alt=\"\" width=\"892\" height=\"272\" srcset=\"https:\/\/elcroquetero.com\/2.0\/wp-content\/uploads\/2022\/07\/71392u0GpL._AC_SL1000_-e1657645014257.jpg 892w, https:\/\/elcroquetero.com\/2.0\/wp-content\/uploads\/2022\/07\/71392u0GpL._AC_SL1000_-e1657645014257-300x91.jpg 300w, https:\/\/elcroquetero.com\/2.0\/wp-content\/uploads\/2022\/07\/71392u0GpL._AC_SL1000_-e1657645014257-768x234.jpg 768w, https:\/\/elcroquetero.com\/2.0\/wp-content\/uploads\/2022\/07\/71392u0GpL._AC_SL1000_-e1657645014257-600x183.jpg 600w\" sizes=\"auto, (max-width: 892px) 100vw, 892px\" \/><\/p>\n<h3><strong>INGREDIENTES<\/strong><\/h3>\n<p>Cereales y sus Derivados, Harina y Subproductos (Menudencias) de Pollo, Res, Puerco y Pescado, Levadura de Cervecer\u00eda Deshidratada, Pastas de Oleaginosas, Sabor Natural de Pollo, Puerco, Res y Artificial, Grasa de Res, Puerco y Pollo, Aceite Vegetal (Fuente Natural de \u00c1cido Linoleico), Pulpa de Remolacha, Derivados de Yucca, Colorantes de Origen Natural y Artificiales, Aluminosilicatos, Zeolitas, Sal Yodatada, Metionina, Antioxidantes (BHA\/BHT), Vegetales deshidratados, Tript\u00f3fano. VITAMINAS: Suplementos de Colina, Vitamina A, Vitamina D, Vitamina E, \u00c1cido Pantot\u00e9nico, Riboflavina, Tiamina, Cobalamina , Biotina. MINERALES: \u00d3xidos y\/o Sales de Calcio, Potasio, Zinc, Cobre, Yodo y Selenio.<\/p>\n","protected":false},"excerpt":{"rendered":"<p>Alimento 100% completo y balanceado para perros adultos de todas la razas \u00a1Pedigree Croquetas para perro ideal para tu mascota!&hellip;<\/p>\n","protected":false},"featured_media":243,"template":"","meta":[],"product_cat":[81,83],"product_tag":[],"class_list":["post-242","product","type-product","status-publish","has-post-thumbnail","hentry","product_cat-perros","product_cat-adulto"],"_links":{"self":[{"href":"https:\/\/elcroquetero.com\/2.0\/wp-json\/wp\/v3\/product\/242","targetHints":{"allow":["GET"]}}],"collection":[{"href":"https:\/\/elcroquetero.com\/2.0\/wp-json\/wp\/v3\/product"}],"about":[{"href":"https:\/\/elcroquetero.com\/2.0\/wp-json\/wp\/v2\/types\/product"}],"wp:featuredmedia":[{"embeddable":true,"href":"https:\/\/elcroquetero.com\/2.0\/wp-json\/wp\/v2\/media\/243"}],"wp:attachment":[{"href":"https:\/\/elcroquetero.com\/2.0\/wp-json\/wp\/v2\/media?parent=242"}],"wp:term":[{"taxonomy":"product_cat","embeddable":true,"href":"https:\/\/elcroquetero.com\/2.0\/wp-json\/wp\/v2\/product_cat?post=242"},{"taxonomy":"product_tag","embeddable":true,"href":"https:\/\/elcroquetero.com\/2.0\/wp-json\/wp\/v2\/product_tag?post=242"}],"curies":[{"name":"wp","href":"https:\/\/api.w.org\/{rel}","templated":true}]}}