{"id":219,"date":"2022-07-13T01:13:32","date_gmt":"2022-07-13T01:13:32","guid":{"rendered":"https:\/\/elcroquetero.com\/2.0\/?post_type=product&#038;p=219"},"modified":"2022-09-21T00:40:46","modified_gmt":"2022-09-21T00:40:46","slug":"dog-chow-adulto-razas-pequenas-25kg","status":"publish","type":"product","link":"https:\/\/elcroquetero.com\/2.0\/producto\/dog-chow-adulto-razas-pequenas-25kg\/","title":{"rendered":"Dog Chow Adulto Razas Peque\u00f1as 25KG"},"content":{"rendered":"<div class=\"productListing-content-hd\">\n<h1>SALUD VISIBLE ADULTOS MINIS Y PEQUE\u00d1OS<\/h1>\n<\/div>\n<div class=\"productListing-content-info productListing-content-info_ingredients\" data-entity-id=\"component_benefits_summary-309466\">\n<div class=\"productListing-content-info-description\">\n<div class=\"quarantine\">\n<ul>\n<li>Equilibra la flora intestinal. Prebi\u00f3tico natural<\/li>\n<li>Ingredientes de calidad en un alimento 100% completo y balanceado<\/li>\n<li>Niveles de sodio adecuados.<\/li>\n<li>Promueve un pelaje brillante. Omegas 6 y 3.<\/li>\n<li>Ayuda a mantenerlo sano y en forma<\/li>\n<li>N\u00famero de Autorizaci\u00f3n: A-0006-374<\/li>\n<\/ul>\n<p>Nutrici\u00f3n espec\u00edficamente dise\u00f1ada para tu perro adulto mini\u00a0y\u00a0peque\u00f1o\u00a0que ayuda a mejorar su calidad de vida desde adentro hacia afuera de forma visible.<\/p>\n<h1><img loading=\"lazy\" decoding=\"async\" class=\"alignnone wp-image-221\" src=\"https:\/\/elcroquetero.com\/2.0\/wp-content\/uploads\/2022\/07\/Tasa-14-300x245.png\" alt=\"\" width=\"386\" height=\"315\" srcset=\"https:\/\/elcroquetero.com\/2.0\/wp-content\/uploads\/2022\/07\/Tasa-14-300x245.png 300w, https:\/\/elcroquetero.com\/2.0\/wp-content\/uploads\/2022\/07\/Tasa-14.png 391w\" sizes=\"auto, (max-width: 386px) 100vw, 386px\" \/><\/h1>\n<div class=\"sectionMarquee sectionMarquee_left toggle-hd js-kraken-toggle-trigger\">\n<div class=\"sectionMarquee-label\">\n<h2>INGREDIENTES<\/h2>\n<\/div>\n<\/div>\n<div class=\"toggle-bd js-kraken-toggle-target\" aria-hidden=\"false\">\n<div class=\"quadrant\">\n<div class=\"quadrant-zone mix-quadrant-zone_2of3\">\n<div class=\"quarantine\">\n<p>Productos de grano y\/o derivados de granos procesados, harina de carne y hueso de res y\/o cerdo, harina de menudencias de pollo, pasta de soya, grasa animal preservada (res y\/o cerdo y\/o pollo), saborizante a base de menudencias de cerdo y\/o pollo, harina de pescado y\/o alga, fibra de soya, carbonato y\/u ortofosfato de calcio, zeolita, sal*, inulina, cloruro de potasio, suplementos minerales , suplementos vitam\u00ednicos (A, D3, E, K3, complejo B, C, cloruro de colina)], L-lisina, DL-metionina, colorantes (amarillo 5, amarillo 6, rojo 40, azul 2), vegetales deshidratados (zanahoria, ch\u00edcharo).<\/p>\n<p>&nbsp;<\/p>\n<p>Puede contener trazas de otros vegetales, frutas deshidratadas y otras fuentes de prote\u00ednas animales.<\/p>\n<\/div>\n<\/div>\n<\/div>\n<\/div>\n<\/div>\n<\/div>\n<\/div>\n","protected":false},"excerpt":{"rendered":"<p>SALUD VISIBLE ADULTOS MINIS Y PEQUE\u00d1OS Equilibra la flora intestinal. Prebi\u00f3tico natural Ingredientes de calidad en un alimento 100% completo&hellip;<\/p>\n","protected":false},"featured_media":220,"template":"","meta":[],"product_cat":[81,86],"product_tag":[],"class_list":["post-219","product","type-product","status-publish","has-post-thumbnail","hentry","product_cat-perros","product_cat-razas-pequenas"],"_links":{"self":[{"href":"https:\/\/elcroquetero.com\/2.0\/wp-json\/wp\/v3\/product\/219","targetHints":{"allow":["GET"]}}],"collection":[{"href":"https:\/\/elcroquetero.com\/2.0\/wp-json\/wp\/v3\/product"}],"about":[{"href":"https:\/\/elcroquetero.com\/2.0\/wp-json\/wp\/v2\/types\/product"}],"wp:featuredmedia":[{"embeddable":true,"href":"https:\/\/elcroquetero.com\/2.0\/wp-json\/wp\/v2\/media\/220"}],"wp:attachment":[{"href":"https:\/\/elcroquetero.com\/2.0\/wp-json\/wp\/v2\/media?parent=219"}],"wp:term":[{"taxonomy":"product_cat","embeddable":true,"href":"https:\/\/elcroquetero.com\/2.0\/wp-json\/wp\/v2\/product_cat?post=219"},{"taxonomy":"product_tag","embeddable":true,"href":"https:\/\/elcroquetero.com\/2.0\/wp-json\/wp\/v2\/product_tag?post=219"}],"curies":[{"name":"wp","href":"https:\/\/api.w.org\/{rel}","templated":true}]}}