{"id":184,"date":"2022-07-11T22:49:23","date_gmt":"2022-07-11T22:49:23","guid":{"rendered":"https:\/\/elcroquetero.com\/2.0\/?post_type=product&#038;p=184"},"modified":"2022-09-21T01:32:29","modified_gmt":"2022-09-21T01:32:29","slug":"megacan-adulto-25kg","status":"publish","type":"product","link":"https:\/\/elcroquetero.com\/2.0\/producto\/megacan-adulto-25kg\/","title":{"rendered":"Megacan Adulto 25KG"},"content":{"rendered":"<p><strong>Megacan<\/strong> es el alimento balanceado elaborado con ingredientes de alta calidad, dise\u00f1ado para cubrir completamente las exigencias nutricionales de tu mascota. Su f\u00f3rmula, para perros adultos de todas las razas y tama\u00f1os, contiene la cantidad ideal de prote\u00ednas de carne, grasas, cereales, vitaminas y minerales, aportando los nutrientes y energ\u00eda necesarios para el desarrollo de tu mejor amigo.<\/p>\n<div>\n<div><strong>INGREDIENTES<\/strong><\/div>\n<\/div>\n<div>Cereales y sus subproductos, harinas de origen animal (pollo, res y\/o puerco), pastas de oleaginosas, grasas de origen animal (pollo, res y\/o puerco) (estabilizadas con BHA\/BHT), aceite vegetal (estabilizado con BHA\/BHT), saborizantes, colorantes y extracto de yuca. Vitaminas: Vitamina A (Acetato), Vitamina D3 (Colecalciferol), Vitamina E (Acetato), Vitamina K3, Vitamina B1 (Tiamina), Vitamina B2 (Riboflavina) , Vitamina B5 (\u00c1cido Pantot\u00e9nico), Vitamina B6 (Piridoxina), Vitamina B9 (\u00c1cido F\u00f3lico), Vitamina B12 (Cianocobalamina), Nicotinamida, Biotina, Betacaroteno, Cloruro de Colina. Minerales: Carbonato de Calcio, Cloruro de Sodio, Sulfato de Cobre, Sulfato de Hierro, Sulfato de Manganeso, Yoduro de Potasio, Sulfato de Zinc, Selenito de Sodio.<\/div>\n<div>\n<div><\/div>\n<div style=\"text-align: center;\"><strong><u>AN\u00c1LISIS GARANTIZADO<\/u><\/strong><\/div>\n<div style=\"text-align: center;\"><strong>PROTE\u00cdNA CRUDA MIN<\/strong>\u00a016.00%<\/div>\n<div style=\"text-align: center;\"><strong>GRASAS MIN<\/strong>\u00a06.00%<\/div>\n<div style=\"text-align: center;\"><strong>FIBRA CRUDA\u00a0MAX<\/strong>\u00a05.00%<\/div>\n<div style=\"text-align: center;\"><strong>CENIZAS MAX<\/strong>\u00a010.00%<\/div>\n<div style=\"text-align: center;\"><strong>HUMEDAD MAX<\/strong>\u00a012.00%<\/div>\n<div style=\"text-align: center;\"><b>ELN\u00a0 \u00a0<\/b>51.00%<\/div>\n<\/div>\n","protected":false},"excerpt":{"rendered":"<p>Megacan es el alimento balanceado elaborado con ingredientes de alta calidad, dise\u00f1ado para cubrir completamente las exigencias nutricionales de tu&hellip;<\/p>\n","protected":false},"featured_media":185,"template":"","meta":[],"product_cat":[81,83],"product_tag":[],"class_list":["post-184","product","type-product","status-publish","has-post-thumbnail","hentry","product_cat-perros","product_cat-adulto"],"_links":{"self":[{"href":"https:\/\/elcroquetero.com\/2.0\/wp-json\/wp\/v3\/product\/184","targetHints":{"allow":["GET"]}}],"collection":[{"href":"https:\/\/elcroquetero.com\/2.0\/wp-json\/wp\/v3\/product"}],"about":[{"href":"https:\/\/elcroquetero.com\/2.0\/wp-json\/wp\/v2\/types\/product"}],"wp:featuredmedia":[{"embeddable":true,"href":"https:\/\/elcroquetero.com\/2.0\/wp-json\/wp\/v2\/media\/185"}],"wp:attachment":[{"href":"https:\/\/elcroquetero.com\/2.0\/wp-json\/wp\/v2\/media?parent=184"}],"wp:term":[{"taxonomy":"product_cat","embeddable":true,"href":"https:\/\/elcroquetero.com\/2.0\/wp-json\/wp\/v2\/product_cat?post=184"},{"taxonomy":"product_tag","embeddable":true,"href":"https:\/\/elcroquetero.com\/2.0\/wp-json\/wp\/v2\/product_tag?post=184"}],"curies":[{"name":"wp","href":"https:\/\/api.w.org\/{rel}","templated":true}]}}