{"id":181,"date":"2022-07-11T22:46:04","date_gmt":"2022-07-11T22:46:04","guid":{"rendered":"https:\/\/elcroquetero.com\/2.0\/?post_type=product&#038;p=181"},"modified":"2022-09-21T01:04:59","modified_gmt":"2022-09-21T01:04:59","slug":"nogacan-cachorro-20kg","status":"publish","type":"product","link":"https:\/\/elcroquetero.com\/2.0\/producto\/nogacan-cachorro-20kg\/","title":{"rendered":"Nogacan Cachorro 20Kg"},"content":{"rendered":"<div>Alimento balanceado y completo para cachorros que cumple con las necesidades de tu\u00a0 mascota.\u00a0 La calidad de sus ingredientes y el balance ideal de las prote\u00ednas, grasas y fibras favorecen la digesti\u00f3n y absorci\u00f3n de los nutrientes, dando como resultado un sano desarrollo y crecimiento de tu cachorro.<\/div>\n<div><\/div>\n<div><strong>\u00a0Beneficios que proporciona:<\/strong><\/div>\n<div><\/div>\n<div>1.Desarrollo y Crecimiento sano.<\/div>\n<div><\/div>\n<div>2.M\u00fasculos y Huesos fuertes.<\/div>\n<div><\/div>\n<div>3.Favorece la digesti\u00f3n.<\/div>\n<div><\/div>\n<div>\n<div><strong>INGREDIENTES<\/strong><\/div>\n<div>Cereales y sus subproductos, harinas de origen animal (pollo y\/o bovino y\/o cerdo), pastas de oleaginosas, grasas de origen animal (pollo y\/o bovino y\/o cerdo) (estabilizadas con BHA\/BHT), aceite vegetal (estabilizado con BHA\/BHT), saborizantes, colorantes y extracto de yuca. Vitaminas: Vitamina A (Acetato),\u00a0 Vitamina D3 (Colecalciferol), Vitamina E (Acetato), Vitamina K3, Vitamina B1 (Tiamina), Vitamina B2 (Riboflavina), Vitamina B5 (\u00c1cido Pantot\u00e9nico), Vitamina B6 (Piridoxina), Vitamina B9 (\u00c1cido F\u00f3lico), Vitamina B12 (Cianocobalamina), Nicotinamida, Biotina, Betacaroteno, Cloruro de Colina. Minerales: Carbonato de Calcio, Fosfato Dic\u00e1lcico, Cloruro de Sodio, Sulfato de Cobre, Sulfato de Hierro, Sulfato de Manganeso,\u00a0 Yoduro de Potasio, Sulfato de Zinc, Selenito de Sodio.<\/div>\n<\/div>\n","protected":false},"excerpt":{"rendered":"<p>Alimento balanceado y completo para cachorros que cumple con las necesidades de tu\u00a0 mascota.\u00a0 La calidad de sus ingredientes y&hellip;<\/p>\n","protected":false},"featured_media":183,"template":"","meta":[],"product_cat":[81,84],"product_tag":[],"class_list":["post-181","product","type-product","status-publish","has-post-thumbnail","hentry","product_cat-perros","product_cat-cachorro"],"_links":{"self":[{"href":"https:\/\/elcroquetero.com\/2.0\/wp-json\/wp\/v3\/product\/181","targetHints":{"allow":["GET"]}}],"collection":[{"href":"https:\/\/elcroquetero.com\/2.0\/wp-json\/wp\/v3\/product"}],"about":[{"href":"https:\/\/elcroquetero.com\/2.0\/wp-json\/wp\/v2\/types\/product"}],"wp:featuredmedia":[{"embeddable":true,"href":"https:\/\/elcroquetero.com\/2.0\/wp-json\/wp\/v2\/media\/183"}],"wp:attachment":[{"href":"https:\/\/elcroquetero.com\/2.0\/wp-json\/wp\/v2\/media?parent=181"}],"wp:term":[{"taxonomy":"product_cat","embeddable":true,"href":"https:\/\/elcroquetero.com\/2.0\/wp-json\/wp\/v2\/product_cat?post=181"},{"taxonomy":"product_tag","embeddable":true,"href":"https:\/\/elcroquetero.com\/2.0\/wp-json\/wp\/v2\/product_tag?post=181"}],"curies":[{"name":"wp","href":"https:\/\/api.w.org\/{rel}","templated":true}]}}