{"id":178,"date":"2022-07-11T22:42:14","date_gmt":"2022-07-11T22:42:14","guid":{"rendered":"https:\/\/elcroquetero.com\/2.0\/?post_type=product&#038;p=178"},"modified":"2022-09-21T01:30:59","modified_gmt":"2022-09-21T01:30:59","slug":"nogacan-adulto-25kg","status":"publish","type":"product","link":"https:\/\/elcroquetero.com\/2.0\/producto\/nogacan-adulto-25kg\/","title":{"rendered":"Nogacan Adulto 25KG"},"content":{"rendered":"<p>Alimento completo para perros adultos de cualquier raza o tama\u00f1o, que cubre con los requerimientos b\u00e1sicos de las mascotas, recomendado para perros que normalmente no tienen mayor exigencia f\u00edsica. La calidad de sus ingredientes y el balance ideal de prote\u00ednas, grasa, fibras, vitaminas y minerales lo convierten en un alimento que a tu perro le encantar\u00e1.<\/p>\n<div>\n<div><\/div>\n<div>1. Mayor Energ\u00eda.<\/div>\n<div><\/div>\n<div>2.Fortaleza en dientes y huesos.<\/div>\n<div><\/div>\n<div>3.Pelo sano y brillante.<\/div>\n<\/div>\n<p><img loading=\"lazy\" decoding=\"async\" class=\"alignnone wp-image-180\" src=\"https:\/\/elcroquetero.com\/2.0\/wp-content\/uploads\/2022\/07\/519Hio54QFL._AC_SL1000_-300x128.jpg\" alt=\"\" width=\"499\" height=\"213\" srcset=\"https:\/\/elcroquetero.com\/2.0\/wp-content\/uploads\/2022\/07\/519Hio54QFL._AC_SL1000_-300x128.jpg 300w, https:\/\/elcroquetero.com\/2.0\/wp-content\/uploads\/2022\/07\/519Hio54QFL._AC_SL1000_-768x328.jpg 768w, https:\/\/elcroquetero.com\/2.0\/wp-content\/uploads\/2022\/07\/519Hio54QFL._AC_SL1000_-600x256.jpg 600w, https:\/\/elcroquetero.com\/2.0\/wp-content\/uploads\/2022\/07\/519Hio54QFL._AC_SL1000_.jpg 1000w\" sizes=\"auto, (max-width: 499px) 100vw, 499px\" \/><\/p>\n<div><strong>INGREDIENTES<\/strong><\/div>\n<div>Cereales y sus subproductos, harinas de origen animal (pollo, res y\/o puerco), pastas de oleaginosas, grasas de origen animal (pollo, res y\/o puerco) (estabilzadas con BHA\/BHT), aceite vegetal (estabilizado con BHA\/BHT), saborizantes, colorantes y extracto de yuca. Vitaminas: Vitamina A (Acetato), Vitamina D3 (Colecalciferol), Vitamina E (Acetato), Vitamina K3, Vitamina K3, Vitamina B1 (Tiamina), Vitamina B2 (Riboflavina), Vitamina B5 (\u00c1cido Pantot\u00e9nico), Vitamina B6 (Piridoxina), Vitamina B9 (\u00c1cido F\u00f3lico), Vitamina B12 (Cianocobalamina), Nicotinamida, Biotina, Betacaroteno, Cloruro de Colina. Minerales: Carbonato de calcio, Cloruro de sodio, Sulfato de cobre, Sulfato de hierro, Sulfato de Manganeso, Yoduro de Potasio, Sulfato de Zinc, Selenito de sodio.<\/div>\n<div><\/div>\n","protected":false},"excerpt":{"rendered":"<p>Alimento completo para perros adultos de cualquier raza o tama\u00f1o, que cubre con los requerimientos b\u00e1sicos de las mascotas, recomendado&hellip;<\/p>\n","protected":false},"featured_media":179,"template":"","meta":[],"product_cat":[81,83],"product_tag":[],"class_list":["post-178","product","type-product","status-publish","has-post-thumbnail","hentry","product_cat-perros","product_cat-adulto"],"_links":{"self":[{"href":"https:\/\/elcroquetero.com\/2.0\/wp-json\/wp\/v3\/product\/178","targetHints":{"allow":["GET"]}}],"collection":[{"href":"https:\/\/elcroquetero.com\/2.0\/wp-json\/wp\/v3\/product"}],"about":[{"href":"https:\/\/elcroquetero.com\/2.0\/wp-json\/wp\/v2\/types\/product"}],"wp:featuredmedia":[{"embeddable":true,"href":"https:\/\/elcroquetero.com\/2.0\/wp-json\/wp\/v2\/media\/179"}],"wp:attachment":[{"href":"https:\/\/elcroquetero.com\/2.0\/wp-json\/wp\/v2\/media?parent=178"}],"wp:term":[{"taxonomy":"product_cat","embeddable":true,"href":"https:\/\/elcroquetero.com\/2.0\/wp-json\/wp\/v2\/product_cat?post=178"},{"taxonomy":"product_tag","embeddable":true,"href":"https:\/\/elcroquetero.com\/2.0\/wp-json\/wp\/v2\/product_tag?post=178"}],"curies":[{"name":"wp","href":"https:\/\/api.w.org\/{rel}","templated":true}]}}