{"id":171,"date":"2022-07-11T22:34:27","date_gmt":"2022-07-11T22:34:27","guid":{"rendered":"https:\/\/elcroquetero.com\/2.0\/?post_type=product&#038;p=171"},"modified":"2022-09-21T01:07:29","modified_gmt":"2022-09-21T01:07:29","slug":"perron-cachorro-20kg","status":"publish","type":"product","link":"https:\/\/elcroquetero.com\/2.0\/producto\/perron-cachorro-20kg\/","title":{"rendered":"Perron Cachorro 20Kg"},"content":{"rendered":"<h2>Beneficios:<\/h2>\n<div class=\"item-beneficios\">\n<h4 class=\"title-beneficios\">HUESOS FUERTES<\/h4>\n<p class=\"info-beneficios\">Ayuda a la formaci\u00f3n \u00f3ptima de huesos y m\u00fasculos fuertes.<\/p>\n<\/div>\n<div class=\"item-beneficios\">\n<h4 class=\"title-beneficios\">MEJOR DIGESTI\u00d3N<\/h4>\n<p class=\"info-beneficios\">Mejor digesti\u00f3n y aprovechamiento de los nutrientes.<\/p>\n<\/div>\n<div class=\"item-beneficios\">\n<h4 class=\"title-beneficios\">SISTEMA INMUNE<\/h4>\n<p class=\"info-beneficios\">Fortalece el sistema inmunol\u00f3gico de tu cachorro.<\/p>\n<\/div>\n<p>Esta etapa es crucial para el \u00f3ptimo desarrollo de los cachorros, ya que deber\u00e1 de cubrir el mayor requerimiento de energ\u00eda que experimientan durante toda su vida. La formulaci\u00f3n precisa de Perron Cachorro y la calidad de sus nutrientes son la mejor opci\u00f3n para cubrir las exigencias energ\u00e9ticas de tu m\u00e1scota. 28% proteina &#8211; 12% grasa &#8211; 12% humedad.<\/p>\n<p><img loading=\"lazy\" decoding=\"async\" class=\"alignnone wp-image-173\" src=\"https:\/\/elcroquetero.com\/2.0\/wp-content\/uploads\/2022\/07\/descripcion-cachorro-300x300.png\" alt=\"\" width=\"485\" height=\"485\" srcset=\"https:\/\/elcroquetero.com\/2.0\/wp-content\/uploads\/2022\/07\/descripcion-cachorro-300x300.png 300w, https:\/\/elcroquetero.com\/2.0\/wp-content\/uploads\/2022\/07\/descripcion-cachorro-100x100.png 100w, https:\/\/elcroquetero.com\/2.0\/wp-content\/uploads\/2022\/07\/descripcion-cachorro-1024x1024.png 1024w, https:\/\/elcroquetero.com\/2.0\/wp-content\/uploads\/2022\/07\/descripcion-cachorro-150x150.png 150w, https:\/\/elcroquetero.com\/2.0\/wp-content\/uploads\/2022\/07\/descripcion-cachorro-768x768.png 768w, https:\/\/elcroquetero.com\/2.0\/wp-content\/uploads\/2022\/07\/descripcion-cachorro-600x600.png 600w, https:\/\/elcroquetero.com\/2.0\/wp-content\/uploads\/2022\/07\/descripcion-cachorro.png 1200w\" sizes=\"auto, (max-width: 485px) 100vw, 485px\" \/><\/p>\n<h2>INGREDIENTES<\/h2>\n<p>Cereales y sus subproductos, harinas de origen animal (pollo, bovino y cerdo). Pastas de oleaginosas, grasas de origen animal (pollo, bovino y cerdo) (estabilizadas con bha\/bht), Omega 3 y Omega 6, subproductos l\u00e1cteos, saborizantes, colorantes y extracto de yuca.<\/p>\n<h3>Vitaminas<\/h3>\n<p>Vitamina A (Acetato), Vitanima D3 (Colecalciferol), Vitamina E (Acetato), Vitamina K3, Vitamina B1 (Tiamina), Vitamina B2 (Riboflavina), Vitamina B5 (\u00c1cido Pantot\u00e9nico), Vitamina B6 (Piridoxina), Vitamina B9 (\u00c1cido F\u00f3lico), Vitamina B12 (Cianocobalamina), Nicotinamida, Biotina, Betacaroteno, Cloruro de Colina.<\/p>\n<h3>Minerales<\/h3>\n<p>Carbonato de calcio, Fosfato dicalcico, Cloruro de Sodio, Sulfato de cobre, Sulfato de hierro, Sulfato de manganeso, Yoduro de potasio, Sulfato de zinc, Selenito de sodio.<\/p>\n","protected":false},"excerpt":{"rendered":"<p>Beneficios: HUESOS FUERTES Ayuda a la formaci\u00f3n \u00f3ptima de huesos y m\u00fasculos fuertes. MEJOR DIGESTI\u00d3N Mejor digesti\u00f3n y aprovechamiento de&hellip;<\/p>\n","protected":false},"featured_media":172,"template":"","meta":[],"product_cat":[81,84],"product_tag":[],"class_list":["post-171","product","type-product","status-publish","has-post-thumbnail","hentry","product_cat-perros","product_cat-cachorro"],"_links":{"self":[{"href":"https:\/\/elcroquetero.com\/2.0\/wp-json\/wp\/v3\/product\/171","targetHints":{"allow":["GET"]}}],"collection":[{"href":"https:\/\/elcroquetero.com\/2.0\/wp-json\/wp\/v3\/product"}],"about":[{"href":"https:\/\/elcroquetero.com\/2.0\/wp-json\/wp\/v2\/types\/product"}],"wp:featuredmedia":[{"embeddable":true,"href":"https:\/\/elcroquetero.com\/2.0\/wp-json\/wp\/v2\/media\/172"}],"wp:attachment":[{"href":"https:\/\/elcroquetero.com\/2.0\/wp-json\/wp\/v2\/media?parent=171"}],"wp:term":[{"taxonomy":"product_cat","embeddable":true,"href":"https:\/\/elcroquetero.com\/2.0\/wp-json\/wp\/v2\/product_cat?post=171"},{"taxonomy":"product_tag","embeddable":true,"href":"https:\/\/elcroquetero.com\/2.0\/wp-json\/wp\/v2\/product_tag?post=171"}],"curies":[{"name":"wp","href":"https:\/\/api.w.org\/{rel}","templated":true}]}}