{"id":153,"date":"2022-07-11T22:05:16","date_gmt":"2022-07-11T22:05:16","guid":{"rendered":"https:\/\/elcroquetero.com\/2.0\/?post_type=product&#038;p=153"},"modified":"2022-09-21T01:23:06","modified_gmt":"2022-09-21T01:23:06","slug":"campidog-25kg","status":"publish","type":"product","link":"https:\/\/elcroquetero.com\/2.0\/producto\/campidog-25kg\/","title":{"rendered":"Campidog 25KG"},"content":{"rendered":"<p><strong>CAMPIDOG\u00ae<\/strong> es un producto formulado para entregar una nutrici\u00f3n est\u00e1ndar y cubrir las necesidades de perros adultos de razas peque\u00f1as y medianas, con un nivel de palatabilidad atractivo para el gusto de tu mascota y le brinda un desempe\u00f1o en heces ideales y aceptables.<\/p>\n<p>La f\u00f3rmula de <strong>CAMPIDOG\u00ae<\/strong> fue desarrollada por profesionales en nutrici\u00f3n animal de CAMPI\u00ae seleccionando los ingredientes adecuados para completar sus necesidades de desarrollo sano.<\/p>\n<p>&nbsp;<\/p>\n<table style=\"height: 158px;\" width=\"646\">\n<tbody>\n<tr>\n<td colspan=\"2\" width=\"191\">AN\u00c1LISIS GARANTIZADO<\/td>\n<\/tr>\n<tr>\n<td>PROTE\u00cdNA(m\u00edn)<\/td>\n<td>21%<\/td>\n<\/tr>\n<tr>\n<td>GRASA (m\u00edn)<\/td>\n<td>10%<\/td>\n<\/tr>\n<tr>\n<td>FIBRA (m\u00edn)<\/td>\n<td>5%<\/td>\n<\/tr>\n<tr>\n<td>HUMEDAD (m\u00e1x)<\/td>\n<td>12%<\/td>\n<\/tr>\n<tr>\n<td>Cenizas (m\u00edn)<\/td>\n<td>10%<\/td>\n<\/tr>\n<tr>\n<td>E.L.N<\/td>\n<td>42%<\/td>\n<\/tr>\n<\/tbody>\n<\/table>\n","protected":false},"excerpt":{"rendered":"<p>CAMPIDOG\u00ae es un producto formulado para entregar una nutrici\u00f3n est\u00e1ndar y cubrir las necesidades de perros adultos de razas peque\u00f1as&hellip;<\/p>\n","protected":false},"featured_media":154,"template":"","meta":[],"product_cat":[81,83],"product_tag":[],"class_list":["post-153","product","type-product","status-publish","has-post-thumbnail","hentry","product_cat-perros","product_cat-adulto"],"_links":{"self":[{"href":"https:\/\/elcroquetero.com\/2.0\/wp-json\/wp\/v3\/product\/153","targetHints":{"allow":["GET"]}}],"collection":[{"href":"https:\/\/elcroquetero.com\/2.0\/wp-json\/wp\/v3\/product"}],"about":[{"href":"https:\/\/elcroquetero.com\/2.0\/wp-json\/wp\/v2\/types\/product"}],"wp:featuredmedia":[{"embeddable":true,"href":"https:\/\/elcroquetero.com\/2.0\/wp-json\/wp\/v2\/media\/154"}],"wp:attachment":[{"href":"https:\/\/elcroquetero.com\/2.0\/wp-json\/wp\/v2\/media?parent=153"}],"wp:term":[{"taxonomy":"product_cat","embeddable":true,"href":"https:\/\/elcroquetero.com\/2.0\/wp-json\/wp\/v2\/product_cat?post=153"},{"taxonomy":"product_tag","embeddable":true,"href":"https:\/\/elcroquetero.com\/2.0\/wp-json\/wp\/v2\/product_tag?post=153"}],"curies":[{"name":"wp","href":"https:\/\/api.w.org\/{rel}","templated":true}]}}