{"id":132,"date":"2022-07-11T21:12:18","date_gmt":"2022-07-11T21:12:18","guid":{"rendered":"https:\/\/elcroquetero.com\/2.0\/?post_type=product&#038;p=132"},"modified":"2022-09-21T00:50:21","modified_gmt":"2022-09-21T00:50:21","slug":"noble-adulto-razas-pequenas-15kg","status":"publish","type":"product","link":"https:\/\/elcroquetero.com\/2.0\/producto\/noble-adulto-razas-pequenas-15kg\/","title":{"rendered":"Noble Adulto Razas Peque\u00f1as 15KG"},"content":{"rendered":"<h4><strong>Receta Pavo, Arroz y Salm\u00f3n<\/strong><\/h4>\n<h6><em>Alimento Seco para Adulto Raza Peque\u00f1a<\/em><\/h6>\n<ul>\n<li class=\"p1\">Prote\u00ednas de origen animal de alta digestibilidad.<\/li>\n<li class=\"p1\">Fuentes de omegas 3 y 6 para una piel sana y pelo brillante.<\/li>\n<li class=\"p1\">Delicioso sabor para el paladar exigente de tu mascota.<\/li>\n<li class=\"p1\">Prebi\u00f3ticos que promueven la salud intestinal.<\/li>\n<li class=\"p1\">Fibras naturales que ayudan a prevenir c\u00e1ncer de colon.<\/li>\n<\/ul>\n<p><img loading=\"lazy\" decoding=\"async\" class=\"alignnone wp-image-135 size-full\" src=\"https:\/\/elcroquetero.com\/2.0\/wp-content\/uploads\/2022\/07\/Analisis-Garantizado-Noble-Small-Breed.png\" alt=\"\" width=\"550\" height=\"600\" srcset=\"https:\/\/elcroquetero.com\/2.0\/wp-content\/uploads\/2022\/07\/Analisis-Garantizado-Noble-Small-Breed.png 550w, https:\/\/elcroquetero.com\/2.0\/wp-content\/uploads\/2022\/07\/Analisis-Garantizado-Noble-Small-Breed-300x327.png 300w, https:\/\/elcroquetero.com\/2.0\/wp-content\/uploads\/2022\/07\/Analisis-Garantizado-Noble-Small-Breed-275x300.png 275w\" sizes=\"auto, (max-width: 550px) 100vw, 550px\" \/><\/p>\n<p class=\"p1\"><span class=\"s1\"><em>Ingredientes:\u00a0<\/em><\/span><\/p>\n<p class=\"p1\"><b><\/b><b>Harina de pavo, harina de arroz, pavo, harina de salm\u00f3n, grasa de cerdo (conservada con tocoferoles), tilapia, harina de pescado, hidrolizado de cerdo,<\/b>\u00a0pulpa de remolacha, plasma porcino, alga marina\u00a0<span class=\"s1\"><i>Phaeophyta,<\/i><\/span>\u00a0cultivo de levaduras\u00a0<span class=\"s1\"><i>Saccharomyces Cerevisiae<\/i><\/span>, sal, aluminosilicato de sodio, \u00e1cido c\u00edtrico, inulina de agave, extracto de Yucca schidigera, L-lisina, DL-metionina, producto seco de fermentaci\u00f3n\u00a0<span class=\"s1\"><i>bacillus amyloliquefaciens,<\/i><\/span>\u00a0carbonato de cobalto, carbonato ferroso, fosfato c\u00e1lcico, sulfato de cobre, selenito de sodio, \u00f3xido de magnesio, \u00f3xido de zinc, \u00f3xido de manganeso, alfa tocoferol acetato (vitamina E), niacina, vitamina A palmitato, suplemento de vitamina D3, suplemento de tiamina mononitrato, riboflavina, clorhidrato de piridoxina, suplemento de vitamina B12, suplemento de pantotenato de calcio, \u00e1cido f\u00f3lico, complejo manganeso-glicina, complejo cobre-glicina, complejo hierro-glicina, complejo zinc-glicina, rojo 40.<\/p>\n","protected":false},"excerpt":{"rendered":"<p>Receta Pavo, Arroz y Salm\u00f3n Alimento Seco para Adulto Raza Peque\u00f1a Prote\u00ednas de origen animal de alta digestibilidad. Fuentes de&hellip;<\/p>\n","protected":false},"featured_media":134,"template":"","meta":[],"product_cat":[81,86],"product_tag":[],"class_list":["post-132","product","type-product","status-publish","has-post-thumbnail","hentry","product_cat-perros","product_cat-razas-pequenas"],"_links":{"self":[{"href":"https:\/\/elcroquetero.com\/2.0\/wp-json\/wp\/v3\/product\/132","targetHints":{"allow":["GET"]}}],"collection":[{"href":"https:\/\/elcroquetero.com\/2.0\/wp-json\/wp\/v3\/product"}],"about":[{"href":"https:\/\/elcroquetero.com\/2.0\/wp-json\/wp\/v2\/types\/product"}],"wp:featuredmedia":[{"embeddable":true,"href":"https:\/\/elcroquetero.com\/2.0\/wp-json\/wp\/v2\/media\/134"}],"wp:attachment":[{"href":"https:\/\/elcroquetero.com\/2.0\/wp-json\/wp\/v2\/media?parent=132"}],"wp:term":[{"taxonomy":"product_cat","embeddable":true,"href":"https:\/\/elcroquetero.com\/2.0\/wp-json\/wp\/v2\/product_cat?post=132"},{"taxonomy":"product_tag","embeddable":true,"href":"https:\/\/elcroquetero.com\/2.0\/wp-json\/wp\/v2\/product_tag?post=132"}],"curies":[{"name":"wp","href":"https:\/\/api.w.org\/{rel}","templated":true}]}}