{"id":128,"date":"2022-07-04T21:14:33","date_gmt":"2022-07-04T21:14:33","guid":{"rendered":"https:\/\/elcroquetero.com\/2.0\/?post_type=product&#038;p=128"},"modified":"2022-09-21T01:12:40","modified_gmt":"2022-09-21T01:12:40","slug":"noble-cachorro-15-kg","status":"publish","type":"product","link":"https:\/\/elcroquetero.com\/2.0\/producto\/noble-cachorro-15-kg\/","title":{"rendered":"Noble Cachorro 15KG"},"content":{"rendered":"<h1><strong>Receta Pavo, Pescado y Salm\u00f3n<\/strong><\/h1>\n<h2><em>Alimento\u00a0 Seco para Cachorro de Raza Peque\u00f1a<\/em><strong>\u00a0<\/strong><\/h2>\n<ul>\n<li class=\"p2\">Balance adecuado de calcio, f\u00f3sforo y \u00e1cido f\u00f3lico para el desarrollo de huesos y dientes.<\/li>\n<li class=\"p2\">Fibras naturales y prebi\u00f3ticos que promueven la salud intestinal de tu cachorro.<\/li>\n<li class=\"p2\">Probi\u00f3ticos que mejoran la absorci\u00f3n de nutrientes y evitan las diarreas.<\/li>\n<li class=\"p2\">Fuentes naturales de DHA que ayudan al desarrollo cognitivo de tu mascota.<\/li>\n<\/ul>\n<p class=\"p2\"><strong><img loading=\"lazy\" decoding=\"async\" class=\"alignnone wp-image-130 size-full\" src=\"https:\/\/elcroquetero.com\/2.0\/wp-content\/uploads\/2022\/07\/NobleCachorro-tabla-nutricional.webp\" alt=\"\" width=\"720\" height=\"720\" srcset=\"https:\/\/elcroquetero.com\/2.0\/wp-content\/uploads\/2022\/07\/NobleCachorro-tabla-nutricional.webp 720w, https:\/\/elcroquetero.com\/2.0\/wp-content\/uploads\/2022\/07\/NobleCachorro-tabla-nutricional-300x300.webp 300w, https:\/\/elcroquetero.com\/2.0\/wp-content\/uploads\/2022\/07\/NobleCachorro-tabla-nutricional-100x100.webp 100w, https:\/\/elcroquetero.com\/2.0\/wp-content\/uploads\/2022\/07\/NobleCachorro-tabla-nutricional-150x150.webp 150w, https:\/\/elcroquetero.com\/2.0\/wp-content\/uploads\/2022\/07\/NobleCachorro-tabla-nutricional-600x600.webp 600w\" sizes=\"auto, (max-width: 720px) 100vw, 720px\" \/><\/strong><\/p>\n<h4 class=\"p2\"><strong>Ingredientes:<\/strong><\/h4>\n<p class=\"p2\">Harina de pavo, harina de arroz, pavo, harina de salm\u00f3n, grasa de cerdo (conservada con tocoferoles), tilapia, harina de pescado, hidrolizado de cerdo, pulpa de remolacha, plasma porcino, alga marina Phaeophyta, leche de vaca en polvo, cultivo de levaduras Saccharomyces Cerevisiae, sal, aluminosilicato de sodio, \u00e1cido c\u00edtrico, inulina de agave, extracto de Yucca schidigera, L-lisina, DL-metionina, producto seco de fermentaci\u00f3n bacillus amyloliquefaciens, carbonato de cobalto, carbonato ferroso, fosfato c\u00e1lcico, sulfato de cobre, selenito de sodio, \u00f3xido de magnesio, \u00f3xido de zinc, \u00f3xido de manganeso, alfa tocoferol acetato (vitamina E), niacina, vitamina A palmitato, suplemento de vitamina D3, suplemento de tiamina mononitrato, riboflavina, clorhidrato de piridoxina, suplemento de vitamina B12, suplemento de pantotenato de calcio, \u00e1cido f\u00f3lico, complejo manganeso glicina, complejo cobre-glicina, complejo hierro-glicina, complejo zinc-glicina, rojo 40.<\/p>\n","protected":false},"excerpt":{"rendered":"<p>Receta Pavo, Pescado y Salm\u00f3n Alimento\u00a0 Seco para Cachorro de Raza Peque\u00f1a\u00a0 Balance adecuado de calcio, f\u00f3sforo y \u00e1cido f\u00f3lico&hellip;<\/p>\n","protected":false},"featured_media":129,"template":"","meta":[],"product_cat":[81,84],"product_tag":[],"class_list":["post-128","product","type-product","status-publish","has-post-thumbnail","hentry","product_cat-perros","product_cat-cachorro"],"_links":{"self":[{"href":"https:\/\/elcroquetero.com\/2.0\/wp-json\/wp\/v3\/product\/128","targetHints":{"allow":["GET"]}}],"collection":[{"href":"https:\/\/elcroquetero.com\/2.0\/wp-json\/wp\/v3\/product"}],"about":[{"href":"https:\/\/elcroquetero.com\/2.0\/wp-json\/wp\/v2\/types\/product"}],"wp:featuredmedia":[{"embeddable":true,"href":"https:\/\/elcroquetero.com\/2.0\/wp-json\/wp\/v2\/media\/129"}],"wp:attachment":[{"href":"https:\/\/elcroquetero.com\/2.0\/wp-json\/wp\/v2\/media?parent=128"}],"wp:term":[{"taxonomy":"product_cat","embeddable":true,"href":"https:\/\/elcroquetero.com\/2.0\/wp-json\/wp\/v2\/product_cat?post=128"},{"taxonomy":"product_tag","embeddable":true,"href":"https:\/\/elcroquetero.com\/2.0\/wp-json\/wp\/v2\/product_tag?post=128"}],"curies":[{"name":"wp","href":"https:\/\/api.w.org\/{rel}","templated":true}]}}