{"id":120,"date":"2022-07-04T20:29:07","date_gmt":"2022-07-04T20:29:07","guid":{"rendered":"https:\/\/elcroquetero.com\/2.0\/?post_type=product&#038;p=120"},"modified":"2022-08-24T18:37:54","modified_gmt":"2022-08-24T18:37:54","slug":"noble-adulto-22-kg","status":"publish","type":"product","link":"https:\/\/elcroquetero.com\/2.0\/producto\/noble-adulto-22-kg\/","title":{"rendered":"Noble Adulto 22KG"},"content":{"rendered":"<p><img loading=\"lazy\" decoding=\"async\" class=\"alignnone wp-image-133 size-large\" src=\"https:\/\/elcroquetero.com\/2.0\/wp-content\/uploads\/2022\/07\/NobleAdulto-1024x1024.jpg\" alt=\"\" width=\"1024\" height=\"1024\" srcset=\"https:\/\/elcroquetero.com\/2.0\/wp-content\/uploads\/2022\/07\/NobleAdulto-1024x1024.jpg 1024w, https:\/\/elcroquetero.com\/2.0\/wp-content\/uploads\/2022\/07\/NobleAdulto-300x300.jpg 300w, https:\/\/elcroquetero.com\/2.0\/wp-content\/uploads\/2022\/07\/NobleAdulto-100x100.jpg 100w, https:\/\/elcroquetero.com\/2.0\/wp-content\/uploads\/2022\/07\/NobleAdulto-150x150.jpg 150w, https:\/\/elcroquetero.com\/2.0\/wp-content\/uploads\/2022\/07\/NobleAdulto-768x768.jpg 768w, https:\/\/elcroquetero.com\/2.0\/wp-content\/uploads\/2022\/07\/NobleAdulto-1536x1536.jpg 1536w, https:\/\/elcroquetero.com\/2.0\/wp-content\/uploads\/2022\/07\/NobleAdulto.jpg 2048w, https:\/\/elcroquetero.com\/2.0\/wp-content\/uploads\/2022\/07\/NobleAdulto-600x600.jpg 600w\" sizes=\"auto, (max-width: 1024px) 100vw, 1024px\" \/><\/p>\n<h4><strong>Receta Pavo, Pescado y Salm\u00f3n<\/strong><\/h4>\n<h6><em>Alimento Seco para Adulto Raza Mediana &amp; Grande<\/em><\/h6>\n<ul>\n<li class=\"p2\">Nutrici\u00f3n 100% completa y balanceada.<\/li>\n<li class=\"p2\">Prote\u00ednas de origen animal de alta digestibilidad.<\/li>\n<li class=\"p2\">Enriquecido con vitaminas y minerales esenciales.<\/li>\n<li class=\"p2\">Inulina de agave, prebi\u00f3tico que mejora la salud intestinal.<\/li>\n<li class=\"p2\">Probi\u00f3ticos que contribuyen al equilibrio de la microflora y previene las diarreas.<img loading=\"lazy\" decoding=\"async\" class=\"alignnone wp-image-127 size-full\" src=\"https:\/\/elcroquetero.com\/2.0\/wp-content\/uploads\/2022\/07\/NobleAdulto1_720x-tabla-nutricional.webp\" alt=\"\" width=\"720\" height=\"720\" srcset=\"https:\/\/elcroquetero.com\/2.0\/wp-content\/uploads\/2022\/07\/NobleAdulto1_720x-tabla-nutricional.webp 720w, https:\/\/elcroquetero.com\/2.0\/wp-content\/uploads\/2022\/07\/NobleAdulto1_720x-tabla-nutricional-300x300.webp 300w, https:\/\/elcroquetero.com\/2.0\/wp-content\/uploads\/2022\/07\/NobleAdulto1_720x-tabla-nutricional-100x100.webp 100w, https:\/\/elcroquetero.com\/2.0\/wp-content\/uploads\/2022\/07\/NobleAdulto1_720x-tabla-nutricional-150x150.webp 150w, https:\/\/elcroquetero.com\/2.0\/wp-content\/uploads\/2022\/07\/NobleAdulto1_720x-tabla-nutricional-600x600.webp 600w\" sizes=\"auto, (max-width: 720px) 100vw, 720px\" \/><\/li>\n<\/ul>\n<h4 class=\"p1\"><span class=\"s1\"><em>Ingredientes:<\/em><\/span><\/h4>\n<p class=\"p1\"><span class=\"s1\"><b>Harina de pavo, harina de arroz, pavo, harina de salm\u00f3n, harina de pescado, grasa de cerdo (conservada con tocoferoles), tilapia, hidrolizado de cerdo,<\/b><\/span><b>\u00a0<\/b>pulpa de remolacha, plasma porcino, alga marina Phaeophyta, cultivo de levaduras\u00a0<span class=\"s3\"><i>Saccharomyces Cerevisiae,\u00a0<\/i><\/span>sal, aluminosilicato de sodio, \u00e1cido c\u00edtrico, inulina de agave, extracto de\u00a0<span class=\"s3\"><i>Yucca schidigera<\/i><\/span>, L-lisina, DL-metionina, producto seco de fermentaci\u00f3n\u00a0<span class=\"s3\"><i>bacillus amyloliquefaciens,<\/i><\/span>\u00a0carbonato de cobalto, carbonato ferroso, fosfato c\u00e1lcico, sulfato de cobre, selenito de sodio, \u00f3xido de magnesio, \u00f3xido de zinc, \u00f3xido de manganeso, alfa tocoferol acetato (vitamina E), niacina, vitamina A palmitato, suplemento de vitamina D3, suplemento de tiamina mononitrato, riboflavina, clorhidrato de piridoxina, suplemento de vitamina B12, suplemento de pantotenato de calcio, \u00e1cido f\u00f3lico, complejo manganeso-glicina, complejo cobre-glicina, complejo hierro-glicina, complejo zinc-glicina, rojo 40.<\/p>\n","protected":false},"excerpt":{"rendered":"<p>Receta Pavo, Pescado y Salm\u00f3n Alimento Seco para Adulto Raza Mediana &amp; Grande Nutrici\u00f3n 100% completa y balanceada. Prote\u00ednas de&hellip;<\/p>\n","protected":false},"featured_media":133,"template":"","meta":[],"product_cat":[81,83],"product_tag":[],"class_list":["post-120","product","type-product","status-publish","has-post-thumbnail","hentry","product_cat-perros","product_cat-adulto"],"_links":{"self":[{"href":"https:\/\/elcroquetero.com\/2.0\/wp-json\/wp\/v3\/product\/120","targetHints":{"allow":["GET"]}}],"collection":[{"href":"https:\/\/elcroquetero.com\/2.0\/wp-json\/wp\/v3\/product"}],"about":[{"href":"https:\/\/elcroquetero.com\/2.0\/wp-json\/wp\/v2\/types\/product"}],"wp:featuredmedia":[{"embeddable":true,"href":"https:\/\/elcroquetero.com\/2.0\/wp-json\/wp\/v2\/media\/133"}],"wp:attachment":[{"href":"https:\/\/elcroquetero.com\/2.0\/wp-json\/wp\/v2\/media?parent=120"}],"wp:term":[{"taxonomy":"product_cat","embeddable":true,"href":"https:\/\/elcroquetero.com\/2.0\/wp-json\/wp\/v2\/product_cat?post=120"},{"taxonomy":"product_tag","embeddable":true,"href":"https:\/\/elcroquetero.com\/2.0\/wp-json\/wp\/v2\/product_tag?post=120"}],"curies":[{"name":"wp","href":"https:\/\/api.w.org\/{rel}","templated":true}]}}